{"id":6,"date":"2021-12-02T10:37:49","date_gmt":"2021-12-02T10:37:49","guid":{"rendered":"https:\/\/renataraiman.pl\/?page_id=6"},"modified":"2022-07-12T09:41:17","modified_gmt":"2022-07-12T09:41:17","slug":"home","status":"publish","type":"page","link":"https:\/\/renataraiman.pl\/","title":{"rendered":"Home"},"content":{"rendered":"\t\t<div data-elementor-type=\"wp-page\" data-elementor-id=\"6\" class=\"elementor elementor-6\" data-elementor-settings=\"[]\">\n\t\t\t\t\t\t<div class=\"elementor-inner\">\n\t\t\t\t\t\t\t<div class=\"elementor-section-wrap\">\n\t\t\t\t\t\t\t<section data-particle_enable=\"false\" data-particle-mobile-disabled=\"false\" class=\"elementor-section elementor-top-section elementor-element elementor-element-535aaaa elementor-section-full_width elementor-section-height-default elementor-section-height-default\" data-id=\"535aaaa\" data-element_type=\"section\" data-settings=\"{&quot;background_background&quot;:&quot;classic&quot;,&quot;_ha_eqh_enable&quot;:false}\">\n\t\t\t\t\t\t<div class=\"elementor-container elementor-column-gap-no\">\n\t\t\t\t\t\t\t<div class=\"elementor-row\">\n\t\t\t\t\t<div class=\"elementor-column elementor-col-100 elementor-top-column elementor-element elementor-element-a6893e9\" data-id=\"a6893e9\" data-element_type=\"column\">\n\t\t\t<div class=\"elementor-column-wrap elementor-element-populated\">\n\t\t\t\t\t\t\t<div class=\"elementor-widget-wrap\">\n\t\t\t\t\t\t<div class=\"elementor-element elementor-element-6dfdbbc elementor--h-position-center elementor--v-position-middle elementor-arrows-position-inside elementor-widget elementor-widget-slides\" data-id=\"6dfdbbc\" data-element_type=\"widget\" data-settings=\"{&quot;navigation&quot;:&quot;arrows&quot;,&quot;autoplay&quot;:&quot;yes&quot;,&quot;pause_on_hover&quot;:&quot;yes&quot;,&quot;pause_on_interaction&quot;:&quot;yes&quot;,&quot;autoplay_speed&quot;:5000,&quot;infinite&quot;:&quot;yes&quot;,&quot;transition&quot;:&quot;slide&quot;,&quot;transition_speed&quot;:500}\" data-widget_type=\"slides.default\">\n\t\t\t\t<div class=\"elementor-widget-container\">\n\t\t\t\t\t<div class=\"elementor-swiper\">\n\t\t\t<div class=\"elementor-slides-wrapper elementor-main-swiper swiper-container\" dir=\"ltr\" data-animation=\"\">\n\t\t\t\t<div class=\"swiper-wrapper elementor-slides\">\n\t\t\t\t\t\t\t\t\t\t<div class=\"elementor-repeater-item-9b6c28f swiper-slide\"><div class=\"swiper-slide-bg\"><\/div><div class=\"elementor-background-overlay\"><\/div><div class=\"swiper-slide-inner\" ><div class=\"swiper-slide-contents\"><div class=\"elementor-slide-heading\">Skuteczna pomoc w odzyskaniu<\/div><div class=\"elementor-slide-description\"> podatku dochodowegood sprzeda\u017cy nieruchomo\u015bci przed up\u0142ywem pi\u0119ciu lat<\/div><\/div><\/div><\/div><div class=\"elementor-repeater-item-5d9c6a3 swiper-slide\"><div class=\"swiper-slide-bg\"><\/div><div class=\"elementor-background-overlay\"><\/div><div class=\"swiper-slide-inner\" ><div class=\"swiper-slide-contents\"><div class=\"elementor-slide-heading\">Profesjonalizm i do\u015bwiadczenie<\/div><div class=\"elementor-slide-description\">Potrzebujesz porady podatkowej? Zapraszamy do wsp\u00f3\u0142pracy<\/div><\/div><\/div><\/div><div class=\"elementor-repeater-item-0a51078 swiper-slide\"><div class=\"swiper-slide-bg\"><\/div><div class=\"elementor-background-overlay\"><\/div><div class=\"swiper-slide-inner\" ><div class=\"swiper-slide-contents\"><div class=\"elementor-slide-heading\">\u015aWIADCZYMY US\u0141UGI W ZAKRESIE:<\/div><div class=\"elementor-slide-description\">podatku od spadk\u00f3w i darowizn, podatku dochodowego od os\u00f3b fizycznych, <br>podatku od czynno\u015bci cywilnoprawnych, post\u0119powa\u0144 podatkowych<\/div><\/div><\/div><\/div>\t\t\t\t<\/div>\n\t\t\t\t\t\t\t\t\t\t\t\t\t\t\t\t\t\t\t\t<div class=\"elementor-swiper-button elementor-swiper-button-prev\">\n\t\t\t\t\t\t\t<i aria-hidden=\"true\" class=\"eicon-chevron-left\"><\/i>\t\t\t\t\t\t\t<span class=\"elementor-screen-only\">Poprzedni<\/span>\n\t\t\t\t\t\t<\/div>\n\t\t\t\t\t\t<div class=\"elementor-swiper-button elementor-swiper-button-next\">\n\t\t\t\t\t\t\t<i aria-hidden=\"true\" class=\"eicon-chevron-right\"><\/i>\t\t\t\t\t\t\t<span class=\"elementor-screen-only\">Nast\u0119pny<\/span>\n\t\t\t\t\t\t<\/div>\n\t\t\t\t\t\t\t\t\t\t\t\t<\/div>\n\t\t<\/div>\n\t\t\t\t<\/div>\n\t\t\t\t<\/div>\n\t\t\t\t<div class=\"elementor-element elementor-element-b7207a1 elementor-widget elementor-widget-menu-anchor\" data-id=\"b7207a1\" data-element_type=\"widget\" data-widget_type=\"menu-anchor.default\">\n\t\t\t\t<div class=\"elementor-widget-container\">\n\t\t\t\t\t<div id=\"oferta\" class=\"elementor-menu-anchor\"><\/div>\n\t\t\t\t<\/div>\n\t\t\t\t<\/div>\n\t\t\t\t\t\t<\/div>\n\t\t\t\t\t<\/div>\n\t\t<\/div>\n\t\t\t\t\t\t\t\t<\/div>\n\t\t\t\t\t<\/div>\n\t\t<\/section>\n\t\t\t\t<section data-particle_enable=\"false\" data-particle-mobile-disabled=\"false\" class=\"elementor-section elementor-top-section elementor-element elementor-element-7902ae1 elementor-section-boxed elementor-section-height-default elementor-section-height-default\" data-id=\"7902ae1\" data-element_type=\"section\" data-settings=\"{&quot;background_background&quot;:&quot;classic&quot;,&quot;_ha_eqh_enable&quot;:false}\">\n\t\t\t\t\t\t\t<div class=\"elementor-background-overlay\"><\/div>\n\t\t\t\t\t\t\t<div class=\"elementor-container elementor-column-gap-wider\">\n\t\t\t\t\t\t\t<div class=\"elementor-row\">\n\t\t\t\t\t<div class=\"elementor-column elementor-col-50 elementor-top-column elementor-element elementor-element-ec84f4d\" data-id=\"ec84f4d\" data-element_type=\"column\" data-settings=\"{&quot;background_background&quot;:&quot;classic&quot;}\">\n\t\t\t<div class=\"elementor-column-wrap elementor-element-populated\">\n\t\t\t\t\t\t\t<div class=\"elementor-widget-wrap\">\n\t\t\t\t\t\t<div class=\"elementor-element elementor-element-a312cfa elementor-widget elementor-widget-heading\" data-id=\"a312cfa\" data-element_type=\"widget\" data-widget_type=\"heading.default\">\n\t\t\t\t<div class=\"elementor-widget-container\">\n\t\t\t<h2 class=\"elementor-heading-title elementor-size-default\">O KANCELARII<\/h2>\t\t<\/div>\n\t\t\t\t<\/div>\n\t\t\t\t<div class=\"elementor-element elementor-element-b258404 eael-divider-center elementor-widget elementor-widget-eael-divider\" data-id=\"b258404\" data-element_type=\"widget\" data-widget_type=\"eael-divider.default\">\n\t\t\t\t<div class=\"elementor-widget-container\">\n\t\t\t\t\t<div class=\"eael-divider-wrap divider-direction-horizontal\">\n\t\t\t\t\t\t\t<div class=\"divider-text-container\">\n\t\t\t\t\t<div class=\"divider-text-wrap\">\n\t\t\t\t\t\t\t\t\t\t\t\t\t<span class=\"divider-border-wrap divider-border-left\">\n\t\t\t\t\t\t\t\t<span class=\"divider-border\"><\/span>\n\t\t\t\t\t\t\t<\/span>\n\t\t\t\t\t\t\t\t\t\t\t\t<span class=\"eael-divider-content\">\n\t\t\t\t\t\t\t\t\t\t\t\t\t\t\t<span class=\"eael-divider-text\">O KANCELARII<\/span>\t\t\t\t\t\t\t\t\t\t\t\t\t<\/span>\n\t\t\t\t\t\t\t\t\t\t\t\t\t<span class=\"divider-border-wrap divider-border-right\">\n\t\t\t\t\t\t\t\t<span class=\"divider-border\"><\/span>\n\t\t\t\t\t\t\t<\/span>\n\t\t\t\t\t\t\t\t\t\t\t<\/div>\n\t\t\t\t<\/div>\n\t\t\t\t\t<\/div>\n\t\t<\/div>\n\t\t\t\t<\/div>\n\t\t\t\t<div class=\"elementor-element elementor-element-fd29892 elementor-widget elementor-widget-heading\" data-id=\"fd29892\" data-element_type=\"widget\" data-widget_type=\"heading.default\">\n\t\t\t\t<div class=\"elementor-widget-container\">\n\t\t\t<h3 class=\"elementor-heading-title elementor-size-default\">Kancelaria Spadkowo - Podatkowa Renata Raiman<\/h3>\t\t<\/div>\n\t\t\t\t<\/div>\n\t\t\t\t<div class=\"elementor-element elementor-element-ffa18d7 elementor-widget elementor-widget-text-editor\" data-id=\"ffa18d7\" data-element_type=\"widget\" data-widget_type=\"text-editor.default\">\n\t\t\t\t<div class=\"elementor-widget-container\">\n\t\t\t\t\t\t\t\t<div class=\"elementor-text-editor elementor-clearfix\">\n\t\t\t\t<p>Jestem absolwentk\u0105 Uniwersytetu Szczeci\u0144skiego Wydzia\u0142u Prawa i Administracji. Posiadam wieloletnie do\u015bwiadczenie w pracy w organach administracji skarbowej poparte tysi\u0105cami pozytywnie przeprowadzonych post\u0119powa\u0144 podatkowych.\u00a0<\/p>\t\t\t\t\t<\/div>\n\t\t\t\t\t\t<\/div>\n\t\t\t\t<\/div>\n\t\t\t\t<div class=\"elementor-element elementor-element-eb7f348 elementor-align-center elementor-widget elementor-widget-button\" data-id=\"eb7f348\" data-element_type=\"widget\" data-widget_type=\"button.default\">\n\t\t\t\t<div class=\"elementor-widget-container\">\n\t\t\t\t\t<div class=\"elementor-button-wrapper\">\n\t\t\t<a href=\"https:\/\/renataraiman.pl\/index.php\/o-kancelarii\/\" class=\"elementor-button-link elementor-button elementor-size-md\" role=\"button\">\n\t\t\t\t\t\t<span class=\"elementor-button-content-wrapper\">\n\t\t\t\t\t\t<span class=\"elementor-button-text\">Czytaj wi\u0119cej<\/span>\n\t\t<\/span>\n\t\t\t\t\t<\/a>\n\t\t<\/div>\n\t\t\t\t<\/div>\n\t\t\t\t<\/div>\n\t\t\t\t\t\t<\/div>\n\t\t\t\t\t<\/div>\n\t\t<\/div>\n\t\t\t\t<div class=\"elementor-column elementor-col-50 elementor-top-column elementor-element elementor-element-b9c917f\" data-id=\"b9c917f\" data-element_type=\"column\" data-settings=\"{&quot;background_background&quot;:&quot;classic&quot;}\">\n\t\t\t<div class=\"elementor-column-wrap\">\n\t\t\t\t\t\t\t<div class=\"elementor-widget-wrap\">\n\t\t\t\t\t\t\t\t<\/div>\n\t\t\t\t\t<\/div>\n\t\t<\/div>\n\t\t\t\t\t\t\t\t<\/div>\n\t\t\t\t\t<\/div>\n\t\t<\/section>\n\t\t\t\t\t\t<\/div>\n\t\t\t\t\t\t<\/div>\n\t\t\t\t\t<\/div>\n\t\t","protected":false},"excerpt":{"rendered":"<p>Skuteczna pomoc w odzyskaniu podatku dochodowegood sprzeda\u017cy nieruchomo\u015bci przed up\u0142ywem pi\u0119ciu latProfesjonalizm i do\u015bwiadczeniePotrzebujesz porady podatkowej? Zapraszamy do wsp\u00f3\u0142pracy\u015aWIADCZYMY US\u0141UGI W ZAKRESIE:podatku od spadk\u00f3w i darowizn, podatku dochodowego od os\u00f3b fizycznych, podatku od czynno\u015bci cywilnoprawnych, post\u0119powa\u0144 podatkowych Poprzedni Nast\u0119pny O KANCELARII O KANCELARII Kancelaria Spadkowo &#8211; Podatkowa Renata Raiman Jestem absolwentk\u0105 Uniwersytetu Szczeci\u0144skiego Wydzia\u0142u Prawa [&hellip;]<\/p>\n","protected":false},"author":1,"featured_media":0,"parent":0,"menu_order":0,"comment_status":"closed","ping_status":"closed","template":"elementor_header_footer","meta":[],"yoast_head":"<!-- This site is optimized with the Yoast SEO Premium plugin v16.9 (Yoast SEO v16.9) - https:\/\/yoast.com\/wordpress\/plugins\/seo\/ -->\n<title>Home - Kancelaria Spadkowo-Podatkowa<\/title>\n<meta name=\"robots\" content=\"index, follow, max-snippet:-1, max-image-preview:large, max-video-preview:-1\" \/>\n<link rel=\"canonical\" href=\"https:\/\/renataraiman.pl\/\" \/>\n<meta property=\"og:locale\" content=\"pl_PL\" \/>\n<meta property=\"og:type\" content=\"article\" \/>\n<meta property=\"og:title\" content=\"Home\" \/>\n<meta property=\"og:description\" content=\"Skuteczna pomoc w odzyskaniu podatku dochodowegood sprzeda\u017cy nieruchomo\u015bci przed up\u0142ywem pi\u0119ciu latProfesjonalizm i do\u015bwiadczeniePotrzebujesz porady podatkowej? Zapraszamy do wsp\u00f3\u0142pracy\u015aWIADCZYMY US\u0141UGI W ZAKRESIE:podatku od spadk\u00f3w i darowizn, podatku dochodowego od os\u00f3b fizycznych, podatku od czynno\u015bci cywilnoprawnych, post\u0119powa\u0144 podatkowych Poprzedni Nast\u0119pny O KANCELARII O KANCELARII Kancelaria Spadkowo &#8211; Podatkowa Renata Raiman Jestem absolwentk\u0105 Uniwersytetu Szczeci\u0144skiego Wydzia\u0142u Prawa [&hellip;]\" \/>\n<meta property=\"og:url\" content=\"https:\/\/renataraiman.pl\/\" \/>\n<meta property=\"og:site_name\" content=\"Kancelaria Spadkowo-Podatkowa\" \/>\n<meta property=\"article:modified_time\" content=\"2022-07-12T09:41:17+00:00\" \/>\n<meta name=\"twitter:card\" content=\"summary_large_image\" \/>\n<meta name=\"twitter:label1\" content=\"Szacowany czas czytania\" \/>\n\t<meta name=\"twitter:data1\" content=\"1 minuta\" \/>\n<script type=\"application\/ld+json\" class=\"yoast-schema-graph\">{\"@context\":\"https:\/\/schema.org\",\"@graph\":[{\"@type\":\"WebSite\",\"@id\":\"https:\/\/renataraiman.pl\/#website\",\"url\":\"https:\/\/renataraiman.pl\/\",\"name\":\"Kancelaria Spadkowo-Podatkowa\",\"description\":\"\",\"potentialAction\":[{\"@type\":\"SearchAction\",\"target\":{\"@type\":\"EntryPoint\",\"urlTemplate\":\"https:\/\/renataraiman.pl\/?s={search_term_string}\"},\"query-input\":\"required name=search_term_string\"}],\"inLanguage\":\"pl-PL\"},{\"@type\":\"WebPage\",\"@id\":\"https:\/\/renataraiman.pl\/#webpage\",\"url\":\"https:\/\/renataraiman.pl\/\",\"name\":\"Home - Kancelaria Spadkowo-Podatkowa\",\"isPartOf\":{\"@id\":\"https:\/\/renataraiman.pl\/#website\"},\"datePublished\":\"2021-12-02T10:37:49+00:00\",\"dateModified\":\"2022-07-12T09:41:17+00:00\",\"breadcrumb\":{\"@id\":\"https:\/\/renataraiman.pl\/#breadcrumb\"},\"inLanguage\":\"pl-PL\",\"potentialAction\":[{\"@type\":\"ReadAction\",\"target\":[\"https:\/\/renataraiman.pl\/\"]}]},{\"@type\":\"BreadcrumbList\",\"@id\":\"https:\/\/renataraiman.pl\/#breadcrumb\",\"itemListElement\":[{\"@type\":\"ListItem\",\"position\":1,\"name\":\"Strona g\\u0142\\u00f3wna\",\"item\":\"https:\/\/renataraiman.pl\/\"},{\"@type\":\"ListItem\",\"position\":2,\"name\":\"Home\"}]}]}<\/script>\n<!-- \/ Yoast SEO Premium plugin. -->","yoast_head_json":{"title":"Home - Kancelaria Spadkowo-Podatkowa","robots":{"index":"index","follow":"follow","max-snippet":"max-snippet:-1","max-image-preview":"max-image-preview:large","max-video-preview":"max-video-preview:-1"},"canonical":"https:\/\/renataraiman.pl\/","og_locale":"pl_PL","og_type":"article","og_title":"Home","og_description":"Skuteczna pomoc w odzyskaniu podatku dochodowegood sprzeda\u017cy nieruchomo\u015bci przed up\u0142ywem pi\u0119ciu latProfesjonalizm i do\u015bwiadczeniePotrzebujesz porady podatkowej? Zapraszamy do wsp\u00f3\u0142pracy\u015aWIADCZYMY US\u0141UGI W ZAKRESIE:podatku od spadk\u00f3w i darowizn, podatku dochodowego od os\u00f3b fizycznych, podatku od czynno\u015bci cywilnoprawnych, post\u0119powa\u0144 podatkowych Poprzedni Nast\u0119pny O KANCELARII O KANCELARII Kancelaria Spadkowo &#8211; Podatkowa Renata Raiman Jestem absolwentk\u0105 Uniwersytetu Szczeci\u0144skiego Wydzia\u0142u Prawa [&hellip;]","og_url":"https:\/\/renataraiman.pl\/","og_site_name":"Kancelaria Spadkowo-Podatkowa","article_modified_time":"2022-07-12T09:41:17+00:00","twitter_card":"summary_large_image","twitter_misc":{"Szacowany czas czytania":"1 minuta"},"schema":{"@context":"https:\/\/schema.org","@graph":[{"@type":"WebSite","@id":"https:\/\/renataraiman.pl\/#website","url":"https:\/\/renataraiman.pl\/","name":"Kancelaria Spadkowo-Podatkowa","description":"","potentialAction":[{"@type":"SearchAction","target":{"@type":"EntryPoint","urlTemplate":"https:\/\/renataraiman.pl\/?s={search_term_string}"},"query-input":"required name=search_term_string"}],"inLanguage":"pl-PL"},{"@type":"WebPage","@id":"https:\/\/renataraiman.pl\/#webpage","url":"https:\/\/renataraiman.pl\/","name":"Home - Kancelaria Spadkowo-Podatkowa","isPartOf":{"@id":"https:\/\/renataraiman.pl\/#website"},"datePublished":"2021-12-02T10:37:49+00:00","dateModified":"2022-07-12T09:41:17+00:00","breadcrumb":{"@id":"https:\/\/renataraiman.pl\/#breadcrumb"},"inLanguage":"pl-PL","potentialAction":[{"@type":"ReadAction","target":["https:\/\/renataraiman.pl\/"]}]},{"@type":"BreadcrumbList","@id":"https:\/\/renataraiman.pl\/#breadcrumb","itemListElement":[{"@type":"ListItem","position":1,"name":"Strona g\u0142\u00f3wna","item":"https:\/\/renataraiman.pl\/"},{"@type":"ListItem","position":2,"name":"Home"}]}]}},"_links":{"self":[{"href":"https:\/\/renataraiman.pl\/index.php\/wp-json\/wp\/v2\/pages\/6"}],"collection":[{"href":"https:\/\/renataraiman.pl\/index.php\/wp-json\/wp\/v2\/pages"}],"about":[{"href":"https:\/\/renataraiman.pl\/index.php\/wp-json\/wp\/v2\/types\/page"}],"author":[{"embeddable":true,"href":"https:\/\/renataraiman.pl\/index.php\/wp-json\/wp\/v2\/users\/1"}],"replies":[{"embeddable":true,"href":"https:\/\/renataraiman.pl\/index.php\/wp-json\/wp\/v2\/comments?post=6"}],"version-history":[{"count":271,"href":"https:\/\/renataraiman.pl\/index.php\/wp-json\/wp\/v2\/pages\/6\/revisions"}],"predecessor-version":[{"id":905,"href":"https:\/\/renataraiman.pl\/index.php\/wp-json\/wp\/v2\/pages\/6\/revisions\/905"}],"wp:attachment":[{"href":"https:\/\/renataraiman.pl\/index.php\/wp-json\/wp\/v2\/media?parent=6"}],"curies":[{"name":"wp","href":"https:\/\/api.w.org\/{rel}","templated":true}]}}